{"id":36738,"date":"2024-09-30T12:32:46","date_gmt":"2024-09-30T10:32:46","guid":{"rendered":"https:\/\/jesuscarrazoni.sicom.me\/?page_id=36738"},"modified":"2025-12-29T14:03:48","modified_gmt":"2025-12-29T13:03:48","slug":"proyecto-ejecutivo","status":"publish","type":"page","link":"https:\/\/jesuscarrazoni.com\/es\/proyecto-ejecutivo\/","title":{"rendered":"Ingenier\u00eda"},"content":{"rendered":"\t\t<div data-elementor-type=\"wp-page\" data-elementor-id=\"36738\" class=\"elementor elementor-36738\" data-elementor-post-type=\"page\">\n\t\t\t\t\t\t<section class=\"elementor-section elementor-top-section elementor-element elementor-element-0947c14 elementor-section-full_width elementor-section-stretched elementor-section-height-default elementor-section-height-default sc_fly_static\" data-id=\"0947c14\" data-element_type=\"section\" data-settings=\"{&quot;stretch_section&quot;:&quot;section-stretched&quot;,&quot;background_background&quot;:&quot;classic&quot;}\">\n\t\t\t\t\t\t\t<div class=\"elementor-background-overlay\"><\/div>\n\t\t\t\t\t\t\t<div class=\"elementor-container elementor-column-gap-extended\">\n\t\t\t\t\t<div class=\"elementor-column elementor-col-50 elementor-top-column elementor-element elementor-element-0de9399 sc_inner_width_none sc_content_align_inherit sc_layouts_column_icons_position_left sc_fly_static\" data-id=\"0de9399\" data-element_type=\"column\">\n\t\t\t<div class=\"elementor-widget-wrap elementor-element-populated\">\n\t\t\t\t\t\t<div class=\"elementor-element elementor-element-2b657a5 sc_fly_static elementor-widget elementor-widget-spacer\" data-id=\"2b657a5\" data-element_type=\"widget\" data-widget_type=\"spacer.default\">\n\t\t\t\t<div class=\"elementor-widget-container\">\n\t\t\t\t\t\t\t<div class=\"elementor-spacer\">\n\t\t\t<div class=\"elementor-spacer-inner\"><\/div>\n\t\t<\/div>\n\t\t\t\t\t\t<\/div>\n\t\t\t\t<\/div>\n\t\t\t\t<div class=\"elementor-element elementor-element-c42dd9c sc_fly_static elementor-widget elementor-widget-heading\" data-id=\"c42dd9c\" data-element_type=\"widget\" data-widget_type=\"heading.default\">\n\t\t\t\t<div class=\"elementor-widget-container\">\n\t\t\t\t\t<h2 class=\"elementor-heading-title elementor-size-default\">Proyecto ejecutivo<\/h2>\t\t\t\t<\/div>\n\t\t\t\t<\/div>\n\t\t\t\t<div class=\"elementor-element elementor-element-54d06a3 sc_fly_static elementor-widget elementor-widget-spacer\" data-id=\"54d06a3\" data-element_type=\"widget\" data-widget_type=\"spacer.default\">\n\t\t\t\t<div class=\"elementor-widget-container\">\n\t\t\t\t\t\t\t<div class=\"elementor-spacer\">\n\t\t\t<div class=\"elementor-spacer-inner\"><\/div>\n\t\t<\/div>\n\t\t\t\t\t\t<\/div>\n\t\t\t\t<\/div>\n\t\t\t\t<div class=\"elementor-element elementor-element-4c33654 sc_fly_static elementor-widget elementor-widget-text-editor\" data-id=\"4c33654\" data-element_type=\"widget\" data-widget_type=\"text-editor.default\">\n\t\t\t\t<div class=\"elementor-widget-container\">\n\t\t\t\t\t\t\t\t\t<p>El proyecto de ingenier\u00eda define todos los acabados y detalles, incluyendo tanto la documentaci\u00f3n de las distintas especialidades (t\u00e9rmica, redes de aguas, electricidad, etc) como las mediciones y presupuestos de materiales y trabajos necesarios para la correcta ejecuci\u00f3n del mismo.<\/p>\t\t\t\t\t\t\t\t<\/div>\n\t\t\t\t<\/div>\n\t\t\t\t<div class=\"elementor-element elementor-element-74ed695 sc_fly_static elementor-widget elementor-widget-spacer\" data-id=\"74ed695\" data-element_type=\"widget\" data-widget_type=\"spacer.default\">\n\t\t\t\t<div class=\"elementor-widget-container\">\n\t\t\t\t\t\t\t<div class=\"elementor-spacer\">\n\t\t\t<div class=\"elementor-spacer-inner\"><\/div>\n\t\t<\/div>\n\t\t\t\t\t\t<\/div>\n\t\t\t\t<\/div>\n\t\t\t\t<div class=\"elementor-element elementor-element-5166c55 sc_fly_static elementor-widget elementor-widget-text-editor\" data-id=\"5166c55\" data-element_type=\"widget\" data-widget_type=\"text-editor.default\">\n\t\t\t\t<div class=\"elementor-widget-container\">\n\t\t\t\t\t\t\t\t\t<p>En esta fase del proyecto se contemplan las especificaciones t\u00e9cnicas necesarias para la construcci\u00f3n de edificios y\/o instalaci\u00f3n de diversos equipos, desde la estabilidad, la red de aguas residuales y pluviales, sistemas el\u00e9ctricos, comportamiento t\u00e9rmico, sistemas de ventilaci\u00f3n, extracci\u00f3n de humos y climatizaci\u00f3n, seguridad e incendios, etc.<\/p>\t\t\t\t\t\t\t\t<\/div>\n\t\t\t\t<\/div>\n\t\t\t\t<div class=\"elementor-element elementor-element-6c534bc sc_fly_static elementor-widget elementor-widget-spacer\" data-id=\"6c534bc\" data-element_type=\"widget\" data-widget_type=\"spacer.default\">\n\t\t\t\t<div class=\"elementor-widget-container\">\n\t\t\t\t\t\t\t<div class=\"elementor-spacer\">\n\t\t\t<div class=\"elementor-spacer-inner\"><\/div>\n\t\t<\/div>\n\t\t\t\t\t\t<\/div>\n\t\t\t\t<\/div>\n\t\t\t\t\t<\/div>\n\t\t<\/div>\n\t\t\t\t<div class=\"elementor-column elementor-col-50 elementor-top-column elementor-element elementor-element-122ed94 sc_inner_width_none sc_content_align_inherit sc_layouts_column_icons_position_left sc_fly_static\" data-id=\"122ed94\" data-element_type=\"column\">\n\t\t\t<div class=\"elementor-widget-wrap\">\n\t\t\t\t\t\t\t<\/div>\n\t\t<\/div>\n\t\t\t\t\t<\/div>\n\t\t<\/section>\n\t\t\t\t<section class=\"elementor-section elementor-top-section elementor-element elementor-element-e393ba6 elementor-section-boxed elementor-section-height-default elementor-section-height-default sc_fly_static\" data-id=\"e393ba6\" data-element_type=\"section\">\n\t\t\t\t\t\t<div class=\"elementor-container elementor-column-gap-extended\">\n\t\t\t\t\t<div class=\"elementor-column elementor-col-100 elementor-top-column elementor-element elementor-element-89f6bc0 sc_inner_width_none sc_content_align_inherit sc_layouts_column_icons_position_left sc_fly_static\" data-id=\"89f6bc0\" data-element_type=\"column\">\n\t\t\t<div class=\"elementor-widget-wrap elementor-element-populated\">\n\t\t\t\t\t\t<div class=\"elementor-element elementor-element-700efdd sc_fly_static elementor-widget elementor-widget-spacer\" data-id=\"700efdd\" data-element_type=\"widget\" data-widget_type=\"spacer.default\">\n\t\t\t\t<div class=\"elementor-widget-container\">\n\t\t\t\t\t\t\t<div class=\"elementor-spacer\">\n\t\t\t<div class=\"elementor-spacer-inner\"><\/div>\n\t\t<\/div>\n\t\t\t\t\t\t<\/div>\n\t\t\t\t<\/div>\n\t\t\t\t<div class=\"elementor-element elementor-element-871ff83 elementor-arrows-position-inside elementor-pagination-position-outside sc_fly_static elementor-widget elementor-widget-image-carousel\" data-id=\"871ff83\" data-element_type=\"widget\" data-settings=\"{&quot;navigation&quot;:&quot;both&quot;,&quot;autoplay&quot;:&quot;yes&quot;,&quot;pause_on_hover&quot;:&quot;yes&quot;,&quot;pause_on_interaction&quot;:&quot;yes&quot;,&quot;autoplay_speed&quot;:5000,&quot;infinite&quot;:&quot;yes&quot;,&quot;speed&quot;:500}\" data-widget_type=\"image-carousel.default\">\n\t\t\t\t<div class=\"elementor-widget-container\">\n\t\t\t\t\t\t\t<div class=\"elementor-image-carousel-wrapper swiper\" role=\"region\" aria-roledescription=\"carousel\" aria-label=\"Carrusel de im\u00e1genes\" dir=\"ltr\">\n\t\t\t<div class=\"elementor-image-carousel swiper-wrapper\" aria-live=\"off\">\n\t\t\t\t\t\t\t\t<div class=\"swiper-slide\" role=\"group\" aria-roledescription=\"slide\" aria-label=\"1 de 4\"><figure class=\"swiper-slide-inner\"><img decoding=\"async\" class=\"swiper-slide-image\" src=\"https:\/\/jesuscarrazoni.com\/wp-content\/uploads\/2024\/10\/batch_4C-1.jpg\" alt=\"Ingenier\u00eda\" \/><\/figure><\/div><div class=\"swiper-slide\" role=\"group\" aria-roledescription=\"slide\" aria-label=\"2 de 4\"><figure class=\"swiper-slide-inner\"><img decoding=\"async\" class=\"swiper-slide-image\" src=\"https:\/\/jesuscarrazoni.com\/wp-content\/uploads\/2024\/10\/batch_4C-2.jpg\" alt=\"Ingenier\u00eda\" \/><\/figure><\/div><div class=\"swiper-slide\" role=\"group\" aria-roledescription=\"slide\" aria-label=\"3 de 4\"><figure class=\"swiper-slide-inner\"><img decoding=\"async\" class=\"swiper-slide-image\" src=\"https:\/\/jesuscarrazoni.com\/wp-content\/uploads\/2024\/10\/batch_4C-3.jpg\" alt=\"Ingenier\u00eda\" \/><\/figure><\/div><div class=\"swiper-slide\" role=\"group\" aria-roledescription=\"slide\" aria-label=\"4 de 4\"><figure class=\"swiper-slide-inner\"><img decoding=\"async\" class=\"swiper-slide-image\" src=\"https:\/\/jesuscarrazoni.com\/wp-content\/uploads\/2024\/10\/batch_4C-4.jpg\" alt=\"Ingenier\u00eda\" \/><\/figure><\/div>\t\t\t<\/div>\n\t\t\t\t\t\t\t\t\t\t\t\t<div class=\"elementor-swiper-button elementor-swiper-button-prev\" role=\"button\" tabindex=\"0\">\n\t\t\t\t\t\t<i aria-hidden=\"true\" class=\"eicon-chevron-left\"><\/i>\t\t\t\t\t<\/div>\n\t\t\t\t\t<div class=\"elementor-swiper-button elementor-swiper-button-next\" role=\"button\" tabindex=\"0\">\n\t\t\t\t\t\t<i aria-hidden=\"true\" class=\"eicon-chevron-right\"><\/i>\t\t\t\t\t<\/div>\n\t\t\t\t\n\t\t\t\t\t\t\t\t\t<div class=\"swiper-pagination\"><\/div>\n\t\t\t\t\t\t\t\t\t<\/div>\n\t\t\t\t\t\t<\/div>\n\t\t\t\t<\/div>\n\t\t\t\t<div class=\"elementor-element elementor-element-495618e sc_fly_static elementor-widget elementor-widget-spacer\" data-id=\"495618e\" data-element_type=\"widget\" data-widget_type=\"spacer.default\">\n\t\t\t\t<div class=\"elementor-widget-container\">\n\t\t\t\t\t\t\t<div class=\"elementor-spacer\">\n\t\t\t<div class=\"elementor-spacer-inner\"><\/div>\n\t\t<\/div>\n\t\t\t\t\t\t<\/div>\n\t\t\t\t<\/div>\n\t\t\t\t<div class=\"elementor-element elementor-element-ee09ff0 sc_fly_static elementor-widget elementor-widget-heading\" data-id=\"ee09ff0\" data-element_type=\"widget\" data-widget_type=\"heading.default\">\n\t\t\t\t<div class=\"elementor-widget-container\">\n\t\t\t\t\t<h2 class=\"elementor-heading-title elementor-size-default\">\u00bfTienes alguna duda? Cont\u00e1ctanos!<\/h2>\t\t\t\t<\/div>\n\t\t\t\t<\/div>\n\t\t\t\t<div class=\"elementor-element elementor-element-490c5e5 sc_fly_static elementor-widget elementor-widget-spacer\" data-id=\"490c5e5\" data-element_type=\"widget\" data-widget_type=\"spacer.default\">\n\t\t\t\t<div class=\"elementor-widget-container\">\n\t\t\t\t\t\t\t<div class=\"elementor-spacer\">\n\t\t\t<div class=\"elementor-spacer-inner\"><\/div>\n\t\t<\/div>\n\t\t\t\t\t\t<\/div>\n\t\t\t\t<\/div>\n\t\t\t\t<div class=\"elementor-element elementor-element-e24eea8 sc_fly_static elementor-widget elementor-widget-trx_sc_contact_form_7\" data-id=\"e24eea8\" data-element_type=\"widget\" data-widget_type=\"trx_sc_contact_form_7.default\">\n\t\t\t\t<div class=\"elementor-widget-container\">\n\t\t\t\t\t\n<div class=\"wpcf7 no-js\" id=\"wpcf7-f1326-o1\" lang=\"es-ES\" dir=\"ltr\" data-wpcf7-id=\"1326\">\n<div class=\"screen-reader-response\"><p role=\"status\" aria-live=\"polite\" aria-atomic=\"true\"><\/p> <ul><\/ul><\/div>\n<form action=\"\/es\/wp-json\/wp\/v2\/pages\/36738#wpcf7-f1326-o1\" method=\"post\" class=\"wpcf7-form init\" aria-label=\"Formulario de contacto\" novalidate=\"novalidate\" data-status=\"init\">\n<fieldset class=\"hidden-fields-container\"><input type=\"hidden\" name=\"_wpcf7\" value=\"1326\" \/><input type=\"hidden\" name=\"_wpcf7_version\" value=\"6.1.2\" \/><input type=\"hidden\" name=\"_wpcf7_locale\" value=\"es_ES\" \/><input type=\"hidden\" name=\"_wpcf7_unit_tag\" value=\"wpcf7-f1326-o1\" \/><input type=\"hidden\" name=\"_wpcf7_container_post\" value=\"0\" \/><input type=\"hidden\" name=\"_wpcf7_posted_data_hash\" value=\"\" \/><input type=\"hidden\" name=\"_wpcf7_recaptcha_response\" value=\"\" \/>\n<\/fieldset>\n<div class=\"form-style-4\">\n\t<div class=\"columns_wrap\">\n\t\t<div class=\"column-1_2\">\n\t\t\t<p><span class=\"style-icon icon-name\"><span class=\"wpcf7-form-control-wrap\" data-name=\"your-name\"><input size=\"40\" maxlength=\"400\" class=\"wpcf7-form-control wpcf7-text wpcf7-validates-as-required\" aria-required=\"true\" aria-invalid=\"false\" placeholder=\"Nombre\" value=\"\" type=\"text\" name=\"your-name\" \/><\/span><\/span>\n\t\t\t<\/p>\n\t\t<\/div>\n\t\t<div class=\"column-1_2\">\n\t\t\t<p><span class=\"style-icon icon-email\"><span class=\"wpcf7-form-control-wrap\" data-name=\"your-email\"><input size=\"40\" maxlength=\"400\" class=\"wpcf7-form-control wpcf7-email wpcf7-validates-as-required wpcf7-text wpcf7-validates-as-email\" aria-required=\"true\" aria-invalid=\"false\" placeholder=\"Email\" value=\"\" type=\"email\" name=\"your-email\" \/><\/span><\/span>\n\t\t\t<\/p>\n\t\t<\/div>\n\t<\/div>\n\t<div class=\"columns_wrap\">\n\t\t<div class=\"column-1_2\">\n\t\t\t<p><span class=\"style-icon icon-phone\"><span class=\"wpcf7-form-control-wrap\" data-name=\"phone\"><input size=\"40\" maxlength=\"400\" class=\"wpcf7-form-control wpcf7-tel wpcf7-validates-as-required wpcf7-text wpcf7-validates-as-tel\" aria-required=\"true\" aria-invalid=\"false\" placeholder=\"Tel\u00e9fono\" value=\"\" type=\"tel\" name=\"phone\" \/><\/span><\/span>\n\t\t\t<\/p>\n\t\t<\/div>\n\t\t<div class=\"column-1_2\">\n\t\t\t<p><span class=\"style-icon icon-subject\"><span class=\"wpcf7-form-control-wrap\" data-name=\"subject\"><input size=\"40\" maxlength=\"400\" class=\"wpcf7-form-control wpcf7-text wpcf7-validates-as-required\" aria-required=\"true\" aria-invalid=\"false\" placeholder=\"Asunto\" value=\"\" type=\"text\" name=\"subject\" \/><\/span><\/span>\n\t\t\t<\/p>\n\t\t<\/div>\n\t<\/div>\n\t<div class=\"columns_wrap margin-bottom\">\n\t\t<div class=\"column-1_1\">\n\t\t\t<p><span class=\"style-icon icon-textarea\"><span class=\"wpcf7-form-control-wrap\" data-name=\"your-message\"><textarea cols=\"40\" rows=\"10\" maxlength=\"2000\" class=\"wpcf7-form-control wpcf7-textarea wpcf7-validates-as-required\" aria-required=\"true\" aria-invalid=\"false\" placeholder=\"\u00bfC\u00f3mo te podemos ayudar? \u00a1Cont\u00e1ctanos sin miedo! Estaremos encantados de ayudarte\" name=\"your-message\"><\/textarea><\/span><\/span>\n\t\t\t<\/p>\n\t\t<\/div>\n\t<\/div>\n\t<p><span class=\"wpcf7-form-control-wrap\" data-name=\"acceptance\"><span class=\"wpcf7-form-control wpcf7-acceptance\"><span class=\"wpcf7-list-item\"><label><input type=\"checkbox\" name=\"acceptance\" value=\"1\" aria-invalid=\"false\" \/><span class=\"wpcf7-list-item-label\">Acepto que esta informaci\u00f3n est\u00e1 siendo <a href=\"https:\/\/jesuscarrazoni.com\/es\/politica-de-privacidad\/\">recogida y guardada<\/a>.<\/span><\/label><\/span><\/span><\/span><input class=\"wpcf7-form-control wpcf7-submit has-spinner\" type=\"submit\" value=\"Env\u00edar\" \/>\n\t<\/p>\n<\/div><div class=\"wpcf7-response-output\" aria-hidden=\"true\"><\/div>\n<\/form>\n<\/div>\n\t\t\t\t<\/div>\n\t\t\t\t<\/div>\n\t\t\t\t<div class=\"elementor-element elementor-element-1804596 sc_fly_static elementor-widget elementor-widget-spacer\" data-id=\"1804596\" data-element_type=\"widget\" data-widget_type=\"spacer.default\">\n\t\t\t\t<div class=\"elementor-widget-container\">\n\t\t\t\t\t\t\t<div class=\"elementor-spacer\">\n\t\t\t<div class=\"elementor-spacer-inner\"><\/div>\n\t\t<\/div>\n\t\t\t\t\t\t<\/div>\n\t\t\t\t<\/div>\n\t\t\t\t\t<\/div>\n\t\t<\/div>\n\t\t\t\t\t<\/div>\n\t\t<\/section>\n\t\t\t\t<\/div>\n\t\t","protected":false},"excerpt":{"rendered":"<p>Proyecto ejecutivo El proyecto de ingenier\u00eda define todos los acabados y detalles, incluyendo tanto la&hellip;<\/p>\n","protected":false},"author":1,"featured_media":0,"parent":0,"menu_order":0,"comment_status":"closed","ping_status":"closed","template":"","meta":{"footnotes":""},"class_list":["post-36738","page","type-page","status-publish","hentry"],"yoast_head":"<!-- This site is optimized with the Yoast SEO plugin v26.1.1 - https:\/\/yoast.com\/wordpress\/plugins\/seo\/ -->\n<title>Proyecto ejecutivo de arquitectura | Jes\u00fas Carrazoni<\/title>\n<meta name=\"description\" content=\"Desarrollo de proyecto ejecutivo para arquitectura. Definici\u00f3n t\u00e9cnica, detalle constructivo y coordinaci\u00f3n con c\u00e1lculo estructural y obra.\" \/>\n<meta name=\"robots\" content=\"index, follow, max-snippet:-1, max-image-preview:large, max-video-preview:-1\" \/>\n<link rel=\"canonical\" href=\"https:\/\/jesuscarrazoni.com\/es\/proyecto-ejecutivo\/\" \/>\n<meta property=\"og:locale\" content=\"es_ES\" \/>\n<meta property=\"og:type\" content=\"article\" \/>\n<meta property=\"og:title\" content=\"Proyecto ejecutivo de arquitectura | Jes\u00fas Carrazoni\" \/>\n<meta property=\"og:description\" content=\"Desarrollo de proyecto ejecutivo para arquitectura. Definici\u00f3n t\u00e9cnica, detalle constructivo y coordinaci\u00f3n con c\u00e1lculo estructural y obra.\" \/>\n<meta property=\"og:url\" content=\"https:\/\/jesuscarrazoni.com\/es\/proyecto-ejecutivo\/\" \/>\n<meta property=\"og:site_name\" content=\"Jes\u00fas Carrazoni\" \/>\n<meta property=\"article:modified_time\" content=\"2025-12-29T13:03:48+00:00\" \/>\n<meta property=\"og:image\" content=\"https:\/\/jesuscarrazoni.com\/wp-content\/uploads\/2024\/10\/batch_4C-1.jpg\" \/>\n<meta name=\"twitter:card\" content=\"summary_large_image\" \/>\n<meta name=\"twitter:label1\" content=\"Tiempo de lectura\" \/>\n\t<meta name=\"twitter:data1\" content=\"2 minutos\" \/>\n<script type=\"application\/ld+json\" class=\"yoast-schema-graph\">{\"@context\":\"https:\/\/schema.org\",\"@graph\":[{\"@type\":\"WebPage\",\"@id\":\"https:\/\/jesuscarrazoni.com\/es\/proyecto-ejecutivo\/\",\"url\":\"https:\/\/jesuscarrazoni.com\/es\/proyecto-ejecutivo\/\",\"name\":\"Proyecto ejecutivo de arquitectura | Jes\u00fas Carrazoni\",\"isPartOf\":{\"@id\":\"https:\/\/jesuscarrazoni.com\/es\/#website\"},\"primaryImageOfPage\":{\"@id\":\"https:\/\/jesuscarrazoni.com\/es\/proyecto-ejecutivo\/#primaryimage\"},\"image\":{\"@id\":\"https:\/\/jesuscarrazoni.com\/es\/proyecto-ejecutivo\/#primaryimage\"},\"thumbnailUrl\":\"https:\/\/jesuscarrazoni.com\/wp-content\/uploads\/2024\/10\/batch_4C-1.jpg\",\"datePublished\":\"2024-09-30T10:32:46+00:00\",\"dateModified\":\"2025-12-29T13:03:48+00:00\",\"description\":\"Desarrollo de proyecto ejecutivo para arquitectura. Definici\u00f3n t\u00e9cnica, detalle constructivo y coordinaci\u00f3n con c\u00e1lculo estructural y obra.\",\"breadcrumb\":{\"@id\":\"https:\/\/jesuscarrazoni.com\/es\/proyecto-ejecutivo\/#breadcrumb\"},\"inLanguage\":\"es\",\"potentialAction\":[{\"@type\":\"ReadAction\",\"target\":[\"https:\/\/jesuscarrazoni.com\/es\/proyecto-ejecutivo\/\"]}]},{\"@type\":\"ImageObject\",\"inLanguage\":\"es\",\"@id\":\"https:\/\/jesuscarrazoni.com\/es\/proyecto-ejecutivo\/#primaryimage\",\"url\":\"https:\/\/jesuscarrazoni.com\/wp-content\/uploads\/2024\/10\/batch_4C-1.jpg\",\"contentUrl\":\"https:\/\/jesuscarrazoni.com\/wp-content\/uploads\/2024\/10\/batch_4C-1.jpg\"},{\"@type\":\"BreadcrumbList\",\"@id\":\"https:\/\/jesuscarrazoni.com\/es\/proyecto-ejecutivo\/#breadcrumb\",\"itemListElement\":[{\"@type\":\"ListItem\",\"position\":1,\"name\":\"Portada\",\"item\":\"https:\/\/jesuscarrazoni.com\/es\/\"},{\"@type\":\"ListItem\",\"position\":2,\"name\":\"Ingenier\u00eda\"}]},{\"@type\":\"WebSite\",\"@id\":\"https:\/\/jesuscarrazoni.com\/es\/#website\",\"url\":\"https:\/\/jesuscarrazoni.com\/es\/\",\"name\":\"Jes\u00fas Carrazoni\",\"description\":\"Arquitectura, ingenier\u00eda y dise\u00f1o interiores\",\"publisher\":{\"@id\":\"https:\/\/jesuscarrazoni.com\/es\/#organization\"},\"potentialAction\":[{\"@type\":\"SearchAction\",\"target\":{\"@type\":\"EntryPoint\",\"urlTemplate\":\"https:\/\/jesuscarrazoni.com\/es\/?s={search_term_string}\"},\"query-input\":{\"@type\":\"PropertyValueSpecification\",\"valueRequired\":true,\"valueName\":\"search_term_string\"}}],\"inLanguage\":\"es\"},{\"@type\":\"Organization\",\"@id\":\"https:\/\/jesuscarrazoni.com\/es\/#organization\",\"name\":\"Jes\u00fas Carrazoni\",\"url\":\"https:\/\/jesuscarrazoni.com\/es\/\",\"logo\":{\"@type\":\"ImageObject\",\"inLanguage\":\"es\",\"@id\":\"https:\/\/jesuscarrazoni.com\/es\/#\/schema\/logo\/image\/\",\"url\":\"https:\/\/jesuscarrazoni.com\/wp-content\/uploads\/2023\/05\/logonegro.png\",\"contentUrl\":\"https:\/\/jesuscarrazoni.com\/wp-content\/uploads\/2023\/05\/logonegro.png\",\"width\":1342,\"height\":243,\"caption\":\"Jes\u00fas Carrazoni\"},\"image\":{\"@id\":\"https:\/\/jesuscarrazoni.com\/es\/#\/schema\/logo\/image\/\"}}]}<\/script>\n<!-- \/ Yoast SEO plugin. -->","yoast_head_json":{"title":"Proyecto ejecutivo de arquitectura | Jes\u00fas Carrazoni","description":"Desarrollo de proyecto ejecutivo para arquitectura. Definici\u00f3n t\u00e9cnica, detalle constructivo y coordinaci\u00f3n con c\u00e1lculo estructural y obra.","robots":{"index":"index","follow":"follow","max-snippet":"max-snippet:-1","max-image-preview":"max-image-preview:large","max-video-preview":"max-video-preview:-1"},"canonical":"https:\/\/jesuscarrazoni.com\/es\/proyecto-ejecutivo\/","og_locale":"es_ES","og_type":"article","og_title":"Proyecto ejecutivo de arquitectura | Jes\u00fas Carrazoni","og_description":"Desarrollo de proyecto ejecutivo para arquitectura. Definici\u00f3n t\u00e9cnica, detalle constructivo y coordinaci\u00f3n con c\u00e1lculo estructural y obra.","og_url":"https:\/\/jesuscarrazoni.com\/es\/proyecto-ejecutivo\/","og_site_name":"Jes\u00fas Carrazoni","article_modified_time":"2025-12-29T13:03:48+00:00","og_image":[{"url":"https:\/\/jesuscarrazoni.com\/wp-content\/uploads\/2024\/10\/batch_4C-1.jpg","type":"","width":"","height":""}],"twitter_card":"summary_large_image","twitter_misc":{"Tiempo de lectura":"2 minutos"},"schema":{"@context":"https:\/\/schema.org","@graph":[{"@type":"WebPage","@id":"https:\/\/jesuscarrazoni.com\/es\/proyecto-ejecutivo\/","url":"https:\/\/jesuscarrazoni.com\/es\/proyecto-ejecutivo\/","name":"Proyecto ejecutivo de arquitectura | Jes\u00fas Carrazoni","isPartOf":{"@id":"https:\/\/jesuscarrazoni.com\/es\/#website"},"primaryImageOfPage":{"@id":"https:\/\/jesuscarrazoni.com\/es\/proyecto-ejecutivo\/#primaryimage"},"image":{"@id":"https:\/\/jesuscarrazoni.com\/es\/proyecto-ejecutivo\/#primaryimage"},"thumbnailUrl":"https:\/\/jesuscarrazoni.com\/wp-content\/uploads\/2024\/10\/batch_4C-1.jpg","datePublished":"2024-09-30T10:32:46+00:00","dateModified":"2025-12-29T13:03:48+00:00","description":"Desarrollo de proyecto ejecutivo para arquitectura. Definici\u00f3n t\u00e9cnica, detalle constructivo y coordinaci\u00f3n con c\u00e1lculo estructural y obra.","breadcrumb":{"@id":"https:\/\/jesuscarrazoni.com\/es\/proyecto-ejecutivo\/#breadcrumb"},"inLanguage":"es","potentialAction":[{"@type":"ReadAction","target":["https:\/\/jesuscarrazoni.com\/es\/proyecto-ejecutivo\/"]}]},{"@type":"ImageObject","inLanguage":"es","@id":"https:\/\/jesuscarrazoni.com\/es\/proyecto-ejecutivo\/#primaryimage","url":"https:\/\/jesuscarrazoni.com\/wp-content\/uploads\/2024\/10\/batch_4C-1.jpg","contentUrl":"https:\/\/jesuscarrazoni.com\/wp-content\/uploads\/2024\/10\/batch_4C-1.jpg"},{"@type":"BreadcrumbList","@id":"https:\/\/jesuscarrazoni.com\/es\/proyecto-ejecutivo\/#breadcrumb","itemListElement":[{"@type":"ListItem","position":1,"name":"Portada","item":"https:\/\/jesuscarrazoni.com\/es\/"},{"@type":"ListItem","position":2,"name":"Ingenier\u00eda"}]},{"@type":"WebSite","@id":"https:\/\/jesuscarrazoni.com\/es\/#website","url":"https:\/\/jesuscarrazoni.com\/es\/","name":"Jes\u00fas Carrazoni","description":"Arquitectura, ingenier\u00eda y dise\u00f1o interiores","publisher":{"@id":"https:\/\/jesuscarrazoni.com\/es\/#organization"},"potentialAction":[{"@type":"SearchAction","target":{"@type":"EntryPoint","urlTemplate":"https:\/\/jesuscarrazoni.com\/es\/?s={search_term_string}"},"query-input":{"@type":"PropertyValueSpecification","valueRequired":true,"valueName":"search_term_string"}}],"inLanguage":"es"},{"@type":"Organization","@id":"https:\/\/jesuscarrazoni.com\/es\/#organization","name":"Jes\u00fas Carrazoni","url":"https:\/\/jesuscarrazoni.com\/es\/","logo":{"@type":"ImageObject","inLanguage":"es","@id":"https:\/\/jesuscarrazoni.com\/es\/#\/schema\/logo\/image\/","url":"https:\/\/jesuscarrazoni.com\/wp-content\/uploads\/2023\/05\/logonegro.png","contentUrl":"https:\/\/jesuscarrazoni.com\/wp-content\/uploads\/2023\/05\/logonegro.png","width":1342,"height":243,"caption":"Jes\u00fas Carrazoni"},"image":{"@id":"https:\/\/jesuscarrazoni.com\/es\/#\/schema\/logo\/image\/"}}]}},"_links":{"self":[{"href":"https:\/\/jesuscarrazoni.com\/es\/wp-json\/wp\/v2\/pages\/36738","targetHints":{"allow":["GET"]}}],"collection":[{"href":"https:\/\/jesuscarrazoni.com\/es\/wp-json\/wp\/v2\/pages"}],"about":[{"href":"https:\/\/jesuscarrazoni.com\/es\/wp-json\/wp\/v2\/types\/page"}],"author":[{"embeddable":true,"href":"https:\/\/jesuscarrazoni.com\/es\/wp-json\/wp\/v2\/users\/1"}],"replies":[{"embeddable":true,"href":"https:\/\/jesuscarrazoni.com\/es\/wp-json\/wp\/v2\/comments?post=36738"}],"version-history":[{"count":29,"href":"https:\/\/jesuscarrazoni.com\/es\/wp-json\/wp\/v2\/pages\/36738\/revisions"}],"predecessor-version":[{"id":38512,"href":"https:\/\/jesuscarrazoni.com\/es\/wp-json\/wp\/v2\/pages\/36738\/revisions\/38512"}],"wp:attachment":[{"href":"https:\/\/jesuscarrazoni.com\/es\/wp-json\/wp\/v2\/media?parent=36738"}],"curies":[{"name":"wp","href":"https:\/\/api.w.org\/{rel}","templated":true}]}}