{"id":36746,"date":"2024-09-30T12:35:00","date_gmt":"2024-09-30T10:35:00","guid":{"rendered":"https:\/\/jesuscarrazoni.sicom.me\/?page_id=36746"},"modified":"2025-12-29T13:44:36","modified_gmt":"2025-12-29T12:44:36","slug":"direccion-de-obra","status":"publish","type":"page","link":"https:\/\/jesuscarrazoni.com\/es\/direccion-de-obra\/","title":{"rendered":"Direcci\u00f3n de obra"},"content":{"rendered":"\t\t<div data-elementor-type=\"wp-page\" data-elementor-id=\"36746\" class=\"elementor elementor-36746\" data-elementor-post-type=\"page\">\n\t\t\t\t\t\t<section class=\"elementor-section elementor-top-section elementor-element elementor-element-0390630 elementor-section-full_width elementor-section-stretched elementor-section-height-default elementor-section-height-default sc_fly_static\" data-id=\"0390630\" data-element_type=\"section\" data-settings=\"{&quot;stretch_section&quot;:&quot;section-stretched&quot;,&quot;background_background&quot;:&quot;classic&quot;}\">\n\t\t\t\t\t\t\t<div class=\"elementor-background-overlay\"><\/div>\n\t\t\t\t\t\t\t<div class=\"elementor-container elementor-column-gap-extended\">\n\t\t\t\t\t<div class=\"elementor-column elementor-col-50 elementor-top-column elementor-element elementor-element-fb91e8d sc_inner_width_none sc_content_align_inherit sc_layouts_column_icons_position_left sc_fly_static\" data-id=\"fb91e8d\" data-element_type=\"column\">\n\t\t\t<div class=\"elementor-widget-wrap elementor-element-populated\">\n\t\t\t\t\t\t<div class=\"elementor-element elementor-element-ee30842 sc_fly_static elementor-widget elementor-widget-spacer\" data-id=\"ee30842\" data-element_type=\"widget\" data-widget_type=\"spacer.default\">\n\t\t\t\t<div class=\"elementor-widget-container\">\n\t\t\t\t\t\t\t<div class=\"elementor-spacer\">\n\t\t\t<div class=\"elementor-spacer-inner\"><\/div>\n\t\t<\/div>\n\t\t\t\t\t\t<\/div>\n\t\t\t\t<\/div>\n\t\t\t\t<div class=\"elementor-element elementor-element-a96ce77 sc_fly_static elementor-widget elementor-widget-heading\" data-id=\"a96ce77\" data-element_type=\"widget\" data-widget_type=\"heading.default\">\n\t\t\t\t<div class=\"elementor-widget-container\">\n\t\t\t\t\t<h2 class=\"elementor-heading-title elementor-size-default\">Direcci\u00f3n y\/o gesti\u00f3n de obra<\/h2>\t\t\t\t<\/div>\n\t\t\t\t<\/div>\n\t\t\t\t<div class=\"elementor-element elementor-element-78f6033 sc_fly_static elementor-widget elementor-widget-spacer\" data-id=\"78f6033\" data-element_type=\"widget\" data-widget_type=\"spacer.default\">\n\t\t\t\t<div class=\"elementor-widget-container\">\n\t\t\t\t\t\t\t<div class=\"elementor-spacer\">\n\t\t\t<div class=\"elementor-spacer-inner\"><\/div>\n\t\t<\/div>\n\t\t\t\t\t\t<\/div>\n\t\t\t\t<\/div>\n\t\t\t\t<div class=\"elementor-element elementor-element-3dd8daf sc_fly_static elementor-widget elementor-widget-text-editor\" data-id=\"3dd8daf\" data-element_type=\"widget\" data-widget_type=\"text-editor.default\">\n\t\t\t\t<div class=\"elementor-widget-container\">\n\t\t\t\t\t\t\t\t\t<p>La direcci\u00f3n \/ gesti\u00f3n de obra coordina y dirige todos los procesos implicados en la ejecuci\u00f3n de la construcci\u00f3n, desde la cimentaci\u00f3n hasta el \u00faltimo acabado del interior y exterior de la obra.<\/p>\t\t\t\t\t\t\t\t<\/div>\n\t\t\t\t<\/div>\n\t\t\t\t<div class=\"elementor-element elementor-element-4b0e81b sc_fly_static elementor-widget elementor-widget-spacer\" data-id=\"4b0e81b\" data-element_type=\"widget\" data-widget_type=\"spacer.default\">\n\t\t\t\t<div class=\"elementor-widget-container\">\n\t\t\t\t\t\t\t<div class=\"elementor-spacer\">\n\t\t\t<div class=\"elementor-spacer-inner\"><\/div>\n\t\t<\/div>\n\t\t\t\t\t\t<\/div>\n\t\t\t\t<\/div>\n\t\t\t\t\t<\/div>\n\t\t<\/div>\n\t\t\t\t<div class=\"elementor-column elementor-col-50 elementor-top-column elementor-element elementor-element-d021edb sc_inner_width_none sc_content_align_inherit sc_layouts_column_icons_position_left sc_fly_static\" data-id=\"d021edb\" data-element_type=\"column\">\n\t\t\t<div class=\"elementor-widget-wrap\">\n\t\t\t\t\t\t\t<\/div>\n\t\t<\/div>\n\t\t\t\t\t<\/div>\n\t\t<\/section>\n\t\t\t\t<section class=\"elementor-section elementor-top-section elementor-element elementor-element-f7d55c9 elementor-section-boxed elementor-section-height-default elementor-section-height-default sc_fly_static\" data-id=\"f7d55c9\" data-element_type=\"section\">\n\t\t\t\t\t\t<div class=\"elementor-container elementor-column-gap-extended\">\n\t\t\t\t\t<div class=\"elementor-column elementor-col-100 elementor-top-column elementor-element elementor-element-9086d38 sc_inner_width_none sc_content_align_inherit sc_layouts_column_icons_position_left sc_fly_static\" data-id=\"9086d38\" data-element_type=\"column\">\n\t\t\t<div class=\"elementor-widget-wrap elementor-element-populated\">\n\t\t\t\t\t\t<div class=\"elementor-element elementor-element-7d22ad7 sc_fly_static elementor-widget elementor-widget-spacer\" data-id=\"7d22ad7\" data-element_type=\"widget\" data-widget_type=\"spacer.default\">\n\t\t\t\t<div class=\"elementor-widget-container\">\n\t\t\t\t\t\t\t<div class=\"elementor-spacer\">\n\t\t\t<div class=\"elementor-spacer-inner\"><\/div>\n\t\t<\/div>\n\t\t\t\t\t\t<\/div>\n\t\t\t\t<\/div>\n\t\t\t\t<div class=\"elementor-element elementor-element-8eabd78 elementor-arrows-position-inside elementor-pagination-position-outside sc_fly_static elementor-widget elementor-widget-image-carousel\" data-id=\"8eabd78\" data-element_type=\"widget\" data-settings=\"{&quot;navigation&quot;:&quot;both&quot;,&quot;autoplay&quot;:&quot;yes&quot;,&quot;pause_on_hover&quot;:&quot;yes&quot;,&quot;pause_on_interaction&quot;:&quot;yes&quot;,&quot;autoplay_speed&quot;:5000,&quot;infinite&quot;:&quot;yes&quot;,&quot;speed&quot;:500}\" data-widget_type=\"image-carousel.default\">\n\t\t\t\t<div class=\"elementor-widget-container\">\n\t\t\t\t\t\t\t<div class=\"elementor-image-carousel-wrapper swiper\" role=\"region\" aria-roledescription=\"carousel\" aria-label=\"Carrusel de im\u00e1genes\" dir=\"ltr\">\n\t\t\t<div class=\"elementor-image-carousel swiper-wrapper\" aria-live=\"off\">\n\t\t\t\t\t\t\t\t<div class=\"swiper-slide\" role=\"group\" aria-roledescription=\"slide\" aria-label=\"1 de 4\"><figure class=\"swiper-slide-inner\"><img decoding=\"async\" class=\"swiper-slide-image\" src=\"https:\/\/jesuscarrazoni.com\/wp-content\/uploads\/2024\/10\/batch_5C-1.jpg\" alt=\"Direcci\u00f3n y\/o gesti\u00f3n de obra\" \/><\/figure><\/div><div class=\"swiper-slide\" role=\"group\" aria-roledescription=\"slide\" aria-label=\"2 de 4\"><figure class=\"swiper-slide-inner\"><img decoding=\"async\" class=\"swiper-slide-image\" src=\"https:\/\/jesuscarrazoni.com\/wp-content\/uploads\/2024\/10\/batch_5C-2.jpg\" alt=\"Direcci\u00f3n y\/o gesti\u00f3n de obra\" \/><\/figure><\/div><div class=\"swiper-slide\" role=\"group\" aria-roledescription=\"slide\" aria-label=\"3 de 4\"><figure class=\"swiper-slide-inner\"><img decoding=\"async\" class=\"swiper-slide-image\" src=\"https:\/\/jesuscarrazoni.com\/wp-content\/uploads\/2024\/10\/batch_5C-3.jpg\" alt=\"Direcci\u00f3n y\/o gesti\u00f3n de obra\" \/><\/figure><\/div><div class=\"swiper-slide\" role=\"group\" aria-roledescription=\"slide\" aria-label=\"4 de 4\"><figure class=\"swiper-slide-inner\"><img decoding=\"async\" class=\"swiper-slide-image\" src=\"https:\/\/jesuscarrazoni.com\/wp-content\/uploads\/2024\/10\/batch_5C-4.jpg\" alt=\"Direcci\u00f3n y\/o gesti\u00f3n de obra\" \/><\/figure><\/div>\t\t\t<\/div>\n\t\t\t\t\t\t\t\t\t\t\t\t<div class=\"elementor-swiper-button elementor-swiper-button-prev\" role=\"button\" tabindex=\"0\">\n\t\t\t\t\t\t<i aria-hidden=\"true\" class=\"eicon-chevron-left\"><\/i>\t\t\t\t\t<\/div>\n\t\t\t\t\t<div class=\"elementor-swiper-button elementor-swiper-button-next\" role=\"button\" tabindex=\"0\">\n\t\t\t\t\t\t<i aria-hidden=\"true\" class=\"eicon-chevron-right\"><\/i>\t\t\t\t\t<\/div>\n\t\t\t\t\n\t\t\t\t\t\t\t\t\t<div class=\"swiper-pagination\"><\/div>\n\t\t\t\t\t\t\t\t\t<\/div>\n\t\t\t\t\t\t<\/div>\n\t\t\t\t<\/div>\n\t\t\t\t<div class=\"elementor-element elementor-element-203b309 sc_fly_static elementor-widget elementor-widget-spacer\" data-id=\"203b309\" data-element_type=\"widget\" data-widget_type=\"spacer.default\">\n\t\t\t\t<div class=\"elementor-widget-container\">\n\t\t\t\t\t\t\t<div class=\"elementor-spacer\">\n\t\t\t<div class=\"elementor-spacer-inner\"><\/div>\n\t\t<\/div>\n\t\t\t\t\t\t<\/div>\n\t\t\t\t<\/div>\n\t\t\t\t<div class=\"elementor-element elementor-element-5f47b87 sc_fly_static elementor-widget elementor-widget-heading\" data-id=\"5f47b87\" data-element_type=\"widget\" data-widget_type=\"heading.default\">\n\t\t\t\t<div class=\"elementor-widget-container\">\n\t\t\t\t\t<h2 class=\"elementor-heading-title elementor-size-default\">\u00bfTienes alguna duda? Cont\u00e1ctanos!<\/h2>\t\t\t\t<\/div>\n\t\t\t\t<\/div>\n\t\t\t\t<div class=\"elementor-element elementor-element-7a678b6 sc_fly_static elementor-widget elementor-widget-spacer\" data-id=\"7a678b6\" data-element_type=\"widget\" data-widget_type=\"spacer.default\">\n\t\t\t\t<div class=\"elementor-widget-container\">\n\t\t\t\t\t\t\t<div class=\"elementor-spacer\">\n\t\t\t<div class=\"elementor-spacer-inner\"><\/div>\n\t\t<\/div>\n\t\t\t\t\t\t<\/div>\n\t\t\t\t<\/div>\n\t\t\t\t<div class=\"elementor-element elementor-element-455581c sc_fly_static elementor-widget elementor-widget-trx_sc_contact_form_7\" data-id=\"455581c\" data-element_type=\"widget\" data-widget_type=\"trx_sc_contact_form_7.default\">\n\t\t\t\t<div class=\"elementor-widget-container\">\n\t\t\t\t\t\n<div class=\"wpcf7 no-js\" id=\"wpcf7-f1326-o1\" lang=\"es-ES\" dir=\"ltr\" data-wpcf7-id=\"1326\">\n<div class=\"screen-reader-response\"><p role=\"status\" aria-live=\"polite\" aria-atomic=\"true\"><\/p> <ul><\/ul><\/div>\n<form action=\"\/es\/wp-json\/wp\/v2\/pages\/36746#wpcf7-f1326-o1\" method=\"post\" class=\"wpcf7-form init\" aria-label=\"Formulario de contacto\" novalidate=\"novalidate\" data-status=\"init\">\n<fieldset class=\"hidden-fields-container\"><input type=\"hidden\" name=\"_wpcf7\" value=\"1326\" \/><input type=\"hidden\" name=\"_wpcf7_version\" value=\"6.1.2\" \/><input type=\"hidden\" name=\"_wpcf7_locale\" value=\"es_ES\" \/><input type=\"hidden\" name=\"_wpcf7_unit_tag\" value=\"wpcf7-f1326-o1\" \/><input type=\"hidden\" name=\"_wpcf7_container_post\" value=\"0\" \/><input type=\"hidden\" name=\"_wpcf7_posted_data_hash\" value=\"\" \/><input type=\"hidden\" name=\"_wpcf7_recaptcha_response\" value=\"\" \/>\n<\/fieldset>\n<div class=\"form-style-4\">\n\t<div class=\"columns_wrap\">\n\t\t<div class=\"column-1_2\">\n\t\t\t<p><span class=\"style-icon icon-name\"><span class=\"wpcf7-form-control-wrap\" data-name=\"your-name\"><input size=\"40\" maxlength=\"400\" class=\"wpcf7-form-control wpcf7-text wpcf7-validates-as-required\" aria-required=\"true\" aria-invalid=\"false\" placeholder=\"Nombre\" value=\"\" type=\"text\" name=\"your-name\" \/><\/span><\/span>\n\t\t\t<\/p>\n\t\t<\/div>\n\t\t<div class=\"column-1_2\">\n\t\t\t<p><span class=\"style-icon icon-email\"><span class=\"wpcf7-form-control-wrap\" data-name=\"your-email\"><input size=\"40\" maxlength=\"400\" class=\"wpcf7-form-control wpcf7-email wpcf7-validates-as-required wpcf7-text wpcf7-validates-as-email\" aria-required=\"true\" aria-invalid=\"false\" placeholder=\"Email\" value=\"\" type=\"email\" name=\"your-email\" \/><\/span><\/span>\n\t\t\t<\/p>\n\t\t<\/div>\n\t<\/div>\n\t<div class=\"columns_wrap\">\n\t\t<div class=\"column-1_2\">\n\t\t\t<p><span class=\"style-icon icon-phone\"><span class=\"wpcf7-form-control-wrap\" data-name=\"phone\"><input size=\"40\" maxlength=\"400\" class=\"wpcf7-form-control wpcf7-tel wpcf7-validates-as-required wpcf7-text wpcf7-validates-as-tel\" aria-required=\"true\" aria-invalid=\"false\" placeholder=\"Tel\u00e9fono\" value=\"\" type=\"tel\" name=\"phone\" \/><\/span><\/span>\n\t\t\t<\/p>\n\t\t<\/div>\n\t\t<div class=\"column-1_2\">\n\t\t\t<p><span class=\"style-icon icon-subject\"><span class=\"wpcf7-form-control-wrap\" data-name=\"subject\"><input size=\"40\" maxlength=\"400\" class=\"wpcf7-form-control wpcf7-text wpcf7-validates-as-required\" aria-required=\"true\" aria-invalid=\"false\" placeholder=\"Asunto\" value=\"\" type=\"text\" name=\"subject\" \/><\/span><\/span>\n\t\t\t<\/p>\n\t\t<\/div>\n\t<\/div>\n\t<div class=\"columns_wrap margin-bottom\">\n\t\t<div class=\"column-1_1\">\n\t\t\t<p><span class=\"style-icon icon-textarea\"><span class=\"wpcf7-form-control-wrap\" data-name=\"your-message\"><textarea cols=\"40\" rows=\"10\" maxlength=\"2000\" class=\"wpcf7-form-control wpcf7-textarea wpcf7-validates-as-required\" aria-required=\"true\" aria-invalid=\"false\" placeholder=\"\u00bfC\u00f3mo te podemos ayudar? \u00a1Cont\u00e1ctanos sin miedo! Estaremos encantados de ayudarte\" name=\"your-message\"><\/textarea><\/span><\/span>\n\t\t\t<\/p>\n\t\t<\/div>\n\t<\/div>\n\t<p><span class=\"wpcf7-form-control-wrap\" data-name=\"acceptance\"><span class=\"wpcf7-form-control wpcf7-acceptance\"><span class=\"wpcf7-list-item\"><label><input type=\"checkbox\" name=\"acceptance\" value=\"1\" aria-invalid=\"false\" \/><span class=\"wpcf7-list-item-label\">Acepto que esta informaci\u00f3n est\u00e1 siendo <a href=\"https:\/\/jesuscarrazoni.com\/es\/politica-de-privacidad\/\">recogida y guardada<\/a>.<\/span><\/label><\/span><\/span><\/span><input class=\"wpcf7-form-control wpcf7-submit has-spinner\" type=\"submit\" value=\"Env\u00edar\" \/>\n\t<\/p>\n<\/div><div class=\"wpcf7-response-output\" aria-hidden=\"true\"><\/div>\n<\/form>\n<\/div>\n\t\t\t\t<\/div>\n\t\t\t\t<\/div>\n\t\t\t\t<div class=\"elementor-element elementor-element-4a1d58a sc_fly_static elementor-widget elementor-widget-spacer\" data-id=\"4a1d58a\" data-element_type=\"widget\" data-widget_type=\"spacer.default\">\n\t\t\t\t<div class=\"elementor-widget-container\">\n\t\t\t\t\t\t\t<div class=\"elementor-spacer\">\n\t\t\t<div class=\"elementor-spacer-inner\"><\/div>\n\t\t<\/div>\n\t\t\t\t\t\t<\/div>\n\t\t\t\t<\/div>\n\t\t\t\t\t<\/div>\n\t\t<\/div>\n\t\t\t\t\t<\/div>\n\t\t<\/section>\n\t\t\t\t<\/div>\n\t\t","protected":false},"excerpt":{"rendered":"<p>Direcci\u00f3n y\/o gesti\u00f3n de obra La direcci\u00f3n \/ gesti\u00f3n de obra coordina y dirige todos&hellip;<\/p>\n","protected":false},"author":1,"featured_media":0,"parent":0,"menu_order":0,"comment_status":"closed","ping_status":"closed","template":"","meta":{"footnotes":""},"class_list":["post-36746","page","type-page","status-publish","hentry"],"yoast_head":"<!-- This site is optimized with the Yoast SEO plugin v26.1.1 - https:\/\/yoast.com\/wordpress\/plugins\/seo\/ -->\n<title>Direcci\u00f3n de obra - Jes\u00fas Carrazoni<\/title>\n<meta name=\"description\" content=\"Servicio de direcci\u00f3n de obra para proyectos. Control t\u00e9cnico, coordinaci\u00f3n de agentes y cuidado del detalle en cada fase del proyecto.\" \/>\n<meta name=\"robots\" content=\"index, follow, max-snippet:-1, max-image-preview:large, max-video-preview:-1\" \/>\n<link rel=\"canonical\" href=\"https:\/\/jesuscarrazoni.com\/es\/direccion-de-obra\/\" \/>\n<meta property=\"og:locale\" content=\"es_ES\" \/>\n<meta property=\"og:type\" content=\"article\" \/>\n<meta property=\"og:title\" content=\"Direcci\u00f3n de obra - Jes\u00fas Carrazoni\" \/>\n<meta property=\"og:description\" content=\"Servicio de direcci\u00f3n de obra para proyectos. Control t\u00e9cnico, coordinaci\u00f3n de agentes y cuidado del detalle en cada fase del proyecto.\" \/>\n<meta property=\"og:url\" content=\"https:\/\/jesuscarrazoni.com\/es\/direccion-de-obra\/\" \/>\n<meta property=\"og:site_name\" content=\"Jes\u00fas Carrazoni\" \/>\n<meta property=\"article:modified_time\" content=\"2025-12-29T12:44:36+00:00\" \/>\n<meta property=\"og:image\" content=\"https:\/\/jesuscarrazoni.com\/wp-content\/uploads\/2024\/10\/batch_5C-1.jpg\" \/>\n<meta name=\"twitter:card\" content=\"summary_large_image\" \/>\n<meta name=\"twitter:label1\" content=\"Tiempo de lectura\" \/>\n\t<meta name=\"twitter:data1\" content=\"2 minutos\" \/>\n<script type=\"application\/ld+json\" class=\"yoast-schema-graph\">{\"@context\":\"https:\/\/schema.org\",\"@graph\":[{\"@type\":\"WebPage\",\"@id\":\"https:\/\/jesuscarrazoni.com\/es\/direccion-de-obra\/\",\"url\":\"https:\/\/jesuscarrazoni.com\/es\/direccion-de-obra\/\",\"name\":\"Direcci\u00f3n de obra - Jes\u00fas Carrazoni\",\"isPartOf\":{\"@id\":\"https:\/\/jesuscarrazoni.com\/es\/#website\"},\"primaryImageOfPage\":{\"@id\":\"https:\/\/jesuscarrazoni.com\/es\/direccion-de-obra\/#primaryimage\"},\"image\":{\"@id\":\"https:\/\/jesuscarrazoni.com\/es\/direccion-de-obra\/#primaryimage\"},\"thumbnailUrl\":\"https:\/\/jesuscarrazoni.com\/wp-content\/uploads\/2024\/10\/batch_5C-1.jpg\",\"datePublished\":\"2024-09-30T10:35:00+00:00\",\"dateModified\":\"2025-12-29T12:44:36+00:00\",\"description\":\"Servicio de direcci\u00f3n de obra para proyectos. Control t\u00e9cnico, coordinaci\u00f3n de agentes y cuidado del detalle en cada fase del proyecto.\",\"breadcrumb\":{\"@id\":\"https:\/\/jesuscarrazoni.com\/es\/direccion-de-obra\/#breadcrumb\"},\"inLanguage\":\"es\",\"potentialAction\":[{\"@type\":\"ReadAction\",\"target\":[\"https:\/\/jesuscarrazoni.com\/es\/direccion-de-obra\/\"]}]},{\"@type\":\"ImageObject\",\"inLanguage\":\"es\",\"@id\":\"https:\/\/jesuscarrazoni.com\/es\/direccion-de-obra\/#primaryimage\",\"url\":\"https:\/\/jesuscarrazoni.com\/wp-content\/uploads\/2024\/10\/batch_5C-1.jpg\",\"contentUrl\":\"https:\/\/jesuscarrazoni.com\/wp-content\/uploads\/2024\/10\/batch_5C-1.jpg\"},{\"@type\":\"BreadcrumbList\",\"@id\":\"https:\/\/jesuscarrazoni.com\/es\/direccion-de-obra\/#breadcrumb\",\"itemListElement\":[{\"@type\":\"ListItem\",\"position\":1,\"name\":\"Portada\",\"item\":\"https:\/\/jesuscarrazoni.com\/es\/\"},{\"@type\":\"ListItem\",\"position\":2,\"name\":\"Direcci\u00f3n de obra\"}]},{\"@type\":\"WebSite\",\"@id\":\"https:\/\/jesuscarrazoni.com\/es\/#website\",\"url\":\"https:\/\/jesuscarrazoni.com\/es\/\",\"name\":\"Jes\u00fas Carrazoni\",\"description\":\"Arquitectura, ingenier\u00eda y dise\u00f1o interiores\",\"publisher\":{\"@id\":\"https:\/\/jesuscarrazoni.com\/es\/#organization\"},\"potentialAction\":[{\"@type\":\"SearchAction\",\"target\":{\"@type\":\"EntryPoint\",\"urlTemplate\":\"https:\/\/jesuscarrazoni.com\/es\/?s={search_term_string}\"},\"query-input\":{\"@type\":\"PropertyValueSpecification\",\"valueRequired\":true,\"valueName\":\"search_term_string\"}}],\"inLanguage\":\"es\"},{\"@type\":\"Organization\",\"@id\":\"https:\/\/jesuscarrazoni.com\/es\/#organization\",\"name\":\"Jes\u00fas Carrazoni\",\"url\":\"https:\/\/jesuscarrazoni.com\/es\/\",\"logo\":{\"@type\":\"ImageObject\",\"inLanguage\":\"es\",\"@id\":\"https:\/\/jesuscarrazoni.com\/es\/#\/schema\/logo\/image\/\",\"url\":\"https:\/\/jesuscarrazoni.com\/wp-content\/uploads\/2023\/05\/logonegro.png\",\"contentUrl\":\"https:\/\/jesuscarrazoni.com\/wp-content\/uploads\/2023\/05\/logonegro.png\",\"width\":1342,\"height\":243,\"caption\":\"Jes\u00fas Carrazoni\"},\"image\":{\"@id\":\"https:\/\/jesuscarrazoni.com\/es\/#\/schema\/logo\/image\/\"}}]}<\/script>\n<!-- \/ Yoast SEO plugin. -->","yoast_head_json":{"title":"Direcci\u00f3n de obra - Jes\u00fas Carrazoni","description":"Servicio de direcci\u00f3n de obra para proyectos. Control t\u00e9cnico, coordinaci\u00f3n de agentes y cuidado del detalle en cada fase del proyecto.","robots":{"index":"index","follow":"follow","max-snippet":"max-snippet:-1","max-image-preview":"max-image-preview:large","max-video-preview":"max-video-preview:-1"},"canonical":"https:\/\/jesuscarrazoni.com\/es\/direccion-de-obra\/","og_locale":"es_ES","og_type":"article","og_title":"Direcci\u00f3n de obra - Jes\u00fas Carrazoni","og_description":"Servicio de direcci\u00f3n de obra para proyectos. Control t\u00e9cnico, coordinaci\u00f3n de agentes y cuidado del detalle en cada fase del proyecto.","og_url":"https:\/\/jesuscarrazoni.com\/es\/direccion-de-obra\/","og_site_name":"Jes\u00fas Carrazoni","article_modified_time":"2025-12-29T12:44:36+00:00","og_image":[{"url":"https:\/\/jesuscarrazoni.com\/wp-content\/uploads\/2024\/10\/batch_5C-1.jpg","type":"","width":"","height":""}],"twitter_card":"summary_large_image","twitter_misc":{"Tiempo de lectura":"2 minutos"},"schema":{"@context":"https:\/\/schema.org","@graph":[{"@type":"WebPage","@id":"https:\/\/jesuscarrazoni.com\/es\/direccion-de-obra\/","url":"https:\/\/jesuscarrazoni.com\/es\/direccion-de-obra\/","name":"Direcci\u00f3n de obra - Jes\u00fas Carrazoni","isPartOf":{"@id":"https:\/\/jesuscarrazoni.com\/es\/#website"},"primaryImageOfPage":{"@id":"https:\/\/jesuscarrazoni.com\/es\/direccion-de-obra\/#primaryimage"},"image":{"@id":"https:\/\/jesuscarrazoni.com\/es\/direccion-de-obra\/#primaryimage"},"thumbnailUrl":"https:\/\/jesuscarrazoni.com\/wp-content\/uploads\/2024\/10\/batch_5C-1.jpg","datePublished":"2024-09-30T10:35:00+00:00","dateModified":"2025-12-29T12:44:36+00:00","description":"Servicio de direcci\u00f3n de obra para proyectos. Control t\u00e9cnico, coordinaci\u00f3n de agentes y cuidado del detalle en cada fase del proyecto.","breadcrumb":{"@id":"https:\/\/jesuscarrazoni.com\/es\/direccion-de-obra\/#breadcrumb"},"inLanguage":"es","potentialAction":[{"@type":"ReadAction","target":["https:\/\/jesuscarrazoni.com\/es\/direccion-de-obra\/"]}]},{"@type":"ImageObject","inLanguage":"es","@id":"https:\/\/jesuscarrazoni.com\/es\/direccion-de-obra\/#primaryimage","url":"https:\/\/jesuscarrazoni.com\/wp-content\/uploads\/2024\/10\/batch_5C-1.jpg","contentUrl":"https:\/\/jesuscarrazoni.com\/wp-content\/uploads\/2024\/10\/batch_5C-1.jpg"},{"@type":"BreadcrumbList","@id":"https:\/\/jesuscarrazoni.com\/es\/direccion-de-obra\/#breadcrumb","itemListElement":[{"@type":"ListItem","position":1,"name":"Portada","item":"https:\/\/jesuscarrazoni.com\/es\/"},{"@type":"ListItem","position":2,"name":"Direcci\u00f3n de obra"}]},{"@type":"WebSite","@id":"https:\/\/jesuscarrazoni.com\/es\/#website","url":"https:\/\/jesuscarrazoni.com\/es\/","name":"Jes\u00fas Carrazoni","description":"Arquitectura, ingenier\u00eda y dise\u00f1o interiores","publisher":{"@id":"https:\/\/jesuscarrazoni.com\/es\/#organization"},"potentialAction":[{"@type":"SearchAction","target":{"@type":"EntryPoint","urlTemplate":"https:\/\/jesuscarrazoni.com\/es\/?s={search_term_string}"},"query-input":{"@type":"PropertyValueSpecification","valueRequired":true,"valueName":"search_term_string"}}],"inLanguage":"es"},{"@type":"Organization","@id":"https:\/\/jesuscarrazoni.com\/es\/#organization","name":"Jes\u00fas Carrazoni","url":"https:\/\/jesuscarrazoni.com\/es\/","logo":{"@type":"ImageObject","inLanguage":"es","@id":"https:\/\/jesuscarrazoni.com\/es\/#\/schema\/logo\/image\/","url":"https:\/\/jesuscarrazoni.com\/wp-content\/uploads\/2023\/05\/logonegro.png","contentUrl":"https:\/\/jesuscarrazoni.com\/wp-content\/uploads\/2023\/05\/logonegro.png","width":1342,"height":243,"caption":"Jes\u00fas Carrazoni"},"image":{"@id":"https:\/\/jesuscarrazoni.com\/es\/#\/schema\/logo\/image\/"}}]}},"_links":{"self":[{"href":"https:\/\/jesuscarrazoni.com\/es\/wp-json\/wp\/v2\/pages\/36746","targetHints":{"allow":["GET"]}}],"collection":[{"href":"https:\/\/jesuscarrazoni.com\/es\/wp-json\/wp\/v2\/pages"}],"about":[{"href":"https:\/\/jesuscarrazoni.com\/es\/wp-json\/wp\/v2\/types\/page"}],"author":[{"embeddable":true,"href":"https:\/\/jesuscarrazoni.com\/es\/wp-json\/wp\/v2\/users\/1"}],"replies":[{"embeddable":true,"href":"https:\/\/jesuscarrazoni.com\/es\/wp-json\/wp\/v2\/comments?post=36746"}],"version-history":[{"count":22,"href":"https:\/\/jesuscarrazoni.com\/es\/wp-json\/wp\/v2\/pages\/36746\/revisions"}],"predecessor-version":[{"id":37021,"href":"https:\/\/jesuscarrazoni.com\/es\/wp-json\/wp\/v2\/pages\/36746\/revisions\/37021"}],"wp:attachment":[{"href":"https:\/\/jesuscarrazoni.com\/es\/wp-json\/wp\/v2\/media?parent=36746"}],"curies":[{"name":"wp","href":"https:\/\/api.w.org\/{rel}","templated":true}]}}