{"id":38308,"date":"2024-09-30T12:29:38","date_gmt":"2024-09-30T10:29:38","guid":{"rendered":"https:\/\/jesuscarrazoni.com\/design-dinterieur\/"},"modified":"2026-01-08T09:30:39","modified_gmt":"2026-01-08T08:30:39","slug":"design-dinterieur","status":"publish","type":"page","link":"https:\/\/jesuscarrazoni.com\/fr\/design-dinterieur\/","title":{"rendered":"Design d&rsquo;int\u00e9rieur"},"content":{"rendered":"\t\t<div data-elementor-type=\"wp-page\" data-elementor-id=\"38308\" class=\"elementor elementor-38308 elementor-36730\" data-elementor-post-type=\"page\">\n\t\t\t\t\t\t<section class=\"elementor-section elementor-top-section elementor-element elementor-element-4290c97 elementor-section-full_width elementor-section-stretched elementor-section-height-default elementor-section-height-default sc_fly_static\" data-id=\"4290c97\" data-element_type=\"section\" data-settings=\"{&quot;stretch_section&quot;:&quot;section-stretched&quot;,&quot;background_background&quot;:&quot;classic&quot;}\">\n\t\t\t\t\t\t\t<div class=\"elementor-background-overlay\"><\/div>\n\t\t\t\t\t\t\t<div class=\"elementor-container elementor-column-gap-extended\">\n\t\t\t\t\t<div class=\"elementor-column elementor-col-50 elementor-top-column elementor-element elementor-element-cd94ae9 sc_inner_width_none sc_content_align_inherit sc_layouts_column_icons_position_left sc_fly_static\" data-id=\"cd94ae9\" data-element_type=\"column\">\n\t\t\t<div class=\"elementor-widget-wrap elementor-element-populated\">\n\t\t\t\t\t\t<div class=\"elementor-element elementor-element-a609e05 sc_fly_static elementor-widget elementor-widget-spacer\" data-id=\"a609e05\" data-element_type=\"widget\" data-widget_type=\"spacer.default\">\n\t\t\t\t<div class=\"elementor-widget-container\">\n\t\t\t\t\t\t\t<div class=\"elementor-spacer\">\n\t\t\t<div class=\"elementor-spacer-inner\"><\/div>\n\t\t<\/div>\n\t\t\t\t\t\t<\/div>\n\t\t\t\t<\/div>\n\t\t\t\t<div class=\"elementor-element elementor-element-8c5a51c sc_fly_static elementor-widget elementor-widget-heading\" data-id=\"8c5a51c\" data-element_type=\"widget\" data-widget_type=\"heading.default\">\n\t\t\t\t<div class=\"elementor-widget-container\">\n\t\t\t\t\t<h2 class=\"elementor-heading-title elementor-size-default\">Design d'int\u00e9rieur<\/h2>\t\t\t\t<\/div>\n\t\t\t\t<\/div>\n\t\t\t\t<div class=\"elementor-element elementor-element-cafc262 sc_fly_static elementor-widget elementor-widget-spacer\" data-id=\"cafc262\" data-element_type=\"widget\" data-widget_type=\"spacer.default\">\n\t\t\t\t<div class=\"elementor-widget-container\">\n\t\t\t\t\t\t\t<div class=\"elementor-spacer\">\n\t\t\t<div class=\"elementor-spacer-inner\"><\/div>\n\t\t<\/div>\n\t\t\t\t\t\t<\/div>\n\t\t\t\t<\/div>\n\t\t\t\t<div class=\"elementor-element elementor-element-e499619 sc_fly_static elementor-widget elementor-widget-text-editor\" data-id=\"e499619\" data-element_type=\"widget\" data-widget_type=\"text-editor.default\">\n\t\t\t\t<div class=\"elementor-widget-container\">\n\t\t\t\t\t\t\t\t\t<p> Les projets de design d&rsquo;int\u00e9rieur vont du d\u00e9veloppement conceptuel du projet jusqu&rsquo;\u00e0 la pr\u00e9paration du projet pour l&rsquo;obtention du permis de construction. Ils comprennent des dessins et\/ou des images et\/ou des maquettes permettant au client de comprendre la proposition de projet, ainsi que la documentation technique n\u00e9cessaire aux permis correspondants. La r\u00e9alisation du projet implique l&rsquo;ex\u00e9cution de tous les documents \u00e9crits et graphiques, ainsi que les d\u00e9tails constructifs n\u00e9cessaires \u00e0 la bonne r\u00e9alisation de la r\u00e9novation int\u00e9rieure \u00e0 entreprendre.  <\/p>\t\t\t\t\t\t\t\t<\/div>\n\t\t\t\t<\/div>\n\t\t\t\t<div class=\"elementor-element elementor-element-d766457 sc_fly_static elementor-widget elementor-widget-spacer\" data-id=\"d766457\" data-element_type=\"widget\" data-widget_type=\"spacer.default\">\n\t\t\t\t<div class=\"elementor-widget-container\">\n\t\t\t\t\t\t\t<div class=\"elementor-spacer\">\n\t\t\t<div class=\"elementor-spacer-inner\"><\/div>\n\t\t<\/div>\n\t\t\t\t\t\t<\/div>\n\t\t\t\t<\/div>\n\t\t\t\t\t<\/div>\n\t\t<\/div>\n\t\t\t\t<div class=\"elementor-column elementor-col-50 elementor-top-column elementor-element elementor-element-2b2cb43 sc_inner_width_none sc_content_align_inherit sc_layouts_column_icons_position_left sc_fly_static\" data-id=\"2b2cb43\" data-element_type=\"column\">\n\t\t\t<div class=\"elementor-widget-wrap\">\n\t\t\t\t\t\t\t<\/div>\n\t\t<\/div>\n\t\t\t\t\t<\/div>\n\t\t<\/section>\n\t\t\t\t<section class=\"elementor-section elementor-top-section elementor-element elementor-element-50c7d73 elementor-section-boxed elementor-section-height-default elementor-section-height-default sc_fly_static\" data-id=\"50c7d73\" data-element_type=\"section\">\n\t\t\t\t\t\t<div class=\"elementor-container elementor-column-gap-extended\">\n\t\t\t\t\t<div class=\"elementor-column elementor-col-100 elementor-top-column elementor-element elementor-element-27deb22 sc_inner_width_none sc_content_align_inherit sc_layouts_column_icons_position_left sc_fly_static\" data-id=\"27deb22\" data-element_type=\"column\">\n\t\t\t<div class=\"elementor-widget-wrap elementor-element-populated\">\n\t\t\t\t\t\t<div class=\"elementor-element elementor-element-51b0b32 sc_fly_static elementor-widget elementor-widget-spacer\" data-id=\"51b0b32\" data-element_type=\"widget\" data-widget_type=\"spacer.default\">\n\t\t\t\t<div class=\"elementor-widget-container\">\n\t\t\t\t\t\t\t<div class=\"elementor-spacer\">\n\t\t\t<div class=\"elementor-spacer-inner\"><\/div>\n\t\t<\/div>\n\t\t\t\t\t\t<\/div>\n\t\t\t\t<\/div>\n\t\t\t\t<div class=\"elementor-element elementor-element-07cadc9 elementor-arrows-position-inside elementor-pagination-position-outside sc_fly_static elementor-widget elementor-widget-image-carousel\" data-id=\"07cadc9\" data-element_type=\"widget\" data-settings=\"{&quot;navigation&quot;:&quot;both&quot;,&quot;autoplay&quot;:&quot;yes&quot;,&quot;pause_on_hover&quot;:&quot;yes&quot;,&quot;pause_on_interaction&quot;:&quot;yes&quot;,&quot;autoplay_speed&quot;:5000,&quot;infinite&quot;:&quot;yes&quot;,&quot;speed&quot;:500}\" data-widget_type=\"image-carousel.default\">\n\t\t\t\t<div class=\"elementor-widget-container\">\n\t\t\t\t\t\t\t<div class=\"elementor-image-carousel-wrapper swiper\" role=\"region\" aria-roledescription=\"carousel\" aria-label=\"Carrousel d\u2019images\" dir=\"ltr\">\n\t\t\t<div class=\"elementor-image-carousel swiper-wrapper\" aria-live=\"off\">\n\t\t\t\t\t\t\t\t<div class=\"swiper-slide\" role=\"group\" aria-roledescription=\"slide\" aria-label=\"1 sur 4\"><figure class=\"swiper-slide-inner\"><img decoding=\"async\" class=\"swiper-slide-image\" src=\"https:\/\/jesuscarrazoni.com\/wp-content\/uploads\/2024\/10\/batch_3C-1.jpg\" alt=\"Design d&#039;int\u00e9rieur\" \/><\/figure><\/div><div class=\"swiper-slide\" role=\"group\" aria-roledescription=\"slide\" aria-label=\"2 sur 4\"><figure class=\"swiper-slide-inner\"><img decoding=\"async\" class=\"swiper-slide-image\" src=\"https:\/\/jesuscarrazoni.com\/wp-content\/uploads\/2024\/10\/batch_3C-2.jpg\" alt=\"Design d&#039;int\u00e9rieur\" \/><\/figure><\/div><div class=\"swiper-slide\" role=\"group\" aria-roledescription=\"slide\" aria-label=\"3 sur 4\"><figure class=\"swiper-slide-inner\"><img decoding=\"async\" class=\"swiper-slide-image\" src=\"https:\/\/jesuscarrazoni.com\/wp-content\/uploads\/2024\/10\/batch_3C-3.jpg\" alt=\"Design d&#039;int\u00e9rieur\" \/><\/figure><\/div><div class=\"swiper-slide\" role=\"group\" aria-roledescription=\"slide\" aria-label=\"4 sur 4\"><figure class=\"swiper-slide-inner\"><img decoding=\"async\" class=\"swiper-slide-image\" src=\"https:\/\/jesuscarrazoni.com\/wp-content\/uploads\/2024\/10\/batch_3C-4.jpg\" alt=\"Design d&#039;int\u00e9rieur\" \/><\/figure><\/div>\t\t\t<\/div>\n\t\t\t\t\t\t\t\t\t\t\t\t<div class=\"elementor-swiper-button elementor-swiper-button-prev\" role=\"button\" tabindex=\"0\">\n\t\t\t\t\t\t<i aria-hidden=\"true\" class=\"eicon-chevron-left\"><\/i>\t\t\t\t\t<\/div>\n\t\t\t\t\t<div class=\"elementor-swiper-button elementor-swiper-button-next\" role=\"button\" tabindex=\"0\">\n\t\t\t\t\t\t<i aria-hidden=\"true\" class=\"eicon-chevron-right\"><\/i>\t\t\t\t\t<\/div>\n\t\t\t\t\n\t\t\t\t\t\t\t\t\t<div class=\"swiper-pagination\"><\/div>\n\t\t\t\t\t\t\t\t\t<\/div>\n\t\t\t\t\t\t<\/div>\n\t\t\t\t<\/div>\n\t\t\t\t<div class=\"elementor-element elementor-element-781600f sc_fly_static elementor-widget elementor-widget-spacer\" data-id=\"781600f\" data-element_type=\"widget\" data-widget_type=\"spacer.default\">\n\t\t\t\t<div class=\"elementor-widget-container\">\n\t\t\t\t\t\t\t<div class=\"elementor-spacer\">\n\t\t\t<div class=\"elementor-spacer-inner\"><\/div>\n\t\t<\/div>\n\t\t\t\t\t\t<\/div>\n\t\t\t\t<\/div>\n\t\t\t\t<div class=\"elementor-element elementor-element-8809f7f sc_fly_static elementor-widget elementor-widget-heading\" data-id=\"8809f7f\" data-element_type=\"widget\" data-widget_type=\"heading.default\">\n\t\t\t\t<div class=\"elementor-widget-container\">\n\t\t\t\t\t<h2 class=\"elementor-heading-title elementor-size-default\">Vous avez des questions ? Contactez-nous ! <\/h2>\t\t\t\t<\/div>\n\t\t\t\t<\/div>\n\t\t\t\t<div class=\"elementor-element elementor-element-67396b9 sc_fly_static elementor-widget elementor-widget-spacer\" data-id=\"67396b9\" data-element_type=\"widget\" data-widget_type=\"spacer.default\">\n\t\t\t\t<div class=\"elementor-widget-container\">\n\t\t\t\t\t\t\t<div class=\"elementor-spacer\">\n\t\t\t<div class=\"elementor-spacer-inner\"><\/div>\n\t\t<\/div>\n\t\t\t\t\t\t<\/div>\n\t\t\t\t<\/div>\n\t\t\t\t<div class=\"elementor-element elementor-element-1fce2de sc_fly_static elementor-widget elementor-widget-trx_sc_contact_form_7\" data-id=\"1fce2de\" data-element_type=\"widget\" data-widget_type=\"trx_sc_contact_form_7.default\">\n\t\t\t\t<div class=\"elementor-widget-container\">\n\t\t\t\t\t\n<div class=\"wpcf7 no-js\" id=\"wpcf7-f38274-o1\" lang=\"fr-FR\" dir=\"ltr\" data-wpcf7-id=\"38274\">\n<div class=\"screen-reader-response\"><p role=\"status\" aria-live=\"polite\" aria-atomic=\"true\"><\/p> <ul><\/ul><\/div>\n<form action=\"\/fr\/wp-json\/wp\/v2\/pages\/38308#wpcf7-f38274-o1\" method=\"post\" class=\"wpcf7-form init\" aria-label=\"Formulaire de contact\" novalidate=\"novalidate\" data-status=\"init\">\n<fieldset class=\"hidden-fields-container\"><input type=\"hidden\" name=\"_wpcf7\" value=\"38274\" \/><input type=\"hidden\" name=\"_wpcf7_version\" value=\"6.1.2\" \/><input type=\"hidden\" name=\"_wpcf7_locale\" value=\"fr_FR\" \/><input type=\"hidden\" name=\"_wpcf7_unit_tag\" value=\"wpcf7-f38274-o1\" \/><input type=\"hidden\" name=\"_wpcf7_container_post\" value=\"0\" \/><input type=\"hidden\" name=\"_wpcf7_posted_data_hash\" value=\"\" \/><input type=\"hidden\" name=\"_wpcf7_recaptcha_response\" value=\"\" \/>\n<\/fieldset>\n<div class=\"form-style-4\">\n\t<div class=\"columns_wrap\">\n\t\t<div class=\"column-1_2\">\n\t\t\t<p><span class=\"style-icon icon-name\"><span class=\"wpcf7-form-control-wrap\" data-name=\"your-name\"><input size=\"40\" maxlength=\"400\" class=\"wpcf7-form-control wpcf7-text wpcf7-validates-as-required\" aria-required=\"true\" aria-invalid=\"false\" placeholder=\"Nombre\" value=\"\" type=\"text\" name=\"your-name\" \/><\/span><\/span>\n\t\t\t<\/p>\n\t\t<\/div>\n\t\t<div class=\"column-1_2\">\n\t\t\t<p><span class=\"style-icon icon-email\"><span class=\"wpcf7-form-control-wrap\" data-name=\"your-email\"><input size=\"40\" maxlength=\"400\" class=\"wpcf7-form-control wpcf7-email wpcf7-validates-as-required wpcf7-text wpcf7-validates-as-email\" aria-required=\"true\" aria-invalid=\"false\" placeholder=\"Email\" value=\"\" type=\"email\" name=\"your-email\" \/><\/span><\/span>\n\t\t\t<\/p>\n\t\t<\/div>\n\t<\/div>\n\t<div class=\"columns_wrap\">\n\t\t<div class=\"column-1_2\">\n\t\t\t<p><span class=\"style-icon icon-phone\"><span class=\"wpcf7-form-control-wrap\" data-name=\"phone\"><input size=\"40\" maxlength=\"400\" class=\"wpcf7-form-control wpcf7-tel wpcf7-validates-as-required wpcf7-text wpcf7-validates-as-tel\" aria-required=\"true\" aria-invalid=\"false\" placeholder=\"Tel\u00e9fono\" value=\"\" type=\"tel\" name=\"phone\" \/><\/span><\/span>\n\t\t\t<\/p>\n\t\t<\/div>\n\t\t<div class=\"column-1_2\">\n\t\t\t<p><span class=\"style-icon icon-subject\"><span class=\"wpcf7-form-control-wrap\" data-name=\"subject\"><input size=\"40\" maxlength=\"400\" class=\"wpcf7-form-control wpcf7-text wpcf7-validates-as-required\" aria-required=\"true\" aria-invalid=\"false\" placeholder=\"Asunto\" value=\"\" type=\"text\" name=\"subject\" \/><\/span><\/span>\n\t\t\t<\/p>\n\t\t<\/div>\n\t<\/div>\n\t<div class=\"columns_wrap margin-bottom\">\n\t\t<div class=\"column-1_1\">\n\t\t\t<p><span class=\"style-icon icon-textarea\"><span class=\"wpcf7-form-control-wrap\" data-name=\"your-message\"><textarea cols=\"40\" rows=\"10\" maxlength=\"2000\" class=\"wpcf7-form-control wpcf7-textarea wpcf7-validates-as-required\" aria-required=\"true\" aria-invalid=\"false\" placeholder=\"\u00bfC\u00f3mo te podemos ayudar? \u00a1Cont\u00e1ctanos sin miedo!  Estaremos encantados de ayudarte\" name=\"your-message\"><\/textarea><\/span><\/span>\n\t\t\t<\/p>\n\t\t<\/div>\n\t<\/div>\n\t<p><span class=\"wpcf7-form-control-wrap\" data-name=\"acceptance\"><span class=\"wpcf7-form-control wpcf7-acceptance\"><span class=\"wpcf7-list-item\"><label><input type=\"checkbox\" name=\"acceptance\" value=\"1\" aria-invalid=\"false\" \/><span class=\"wpcf7-list-item-label\">Acepto que esta informaci\u00f3n est\u00e1 siendo <a href=\"https:\/\/jesuscarrazoni.com\/fr\/politique-de-confidentialite\/\">recogida y guardada<\/a>.<\/span><\/label><\/span><\/span><\/span><input class=\"wpcf7-form-control wpcf7-submit has-spinner\" type=\"submit\" value=\"Env\u00edar\" \/>\n\t<\/p>\n<\/div><div class=\"wpcf7-response-output\" aria-hidden=\"true\"><\/div>\n<\/form>\n<\/div>\n\t\t\t\t<\/div>\n\t\t\t\t<\/div>\n\t\t\t\t<div class=\"elementor-element elementor-element-eb71832 sc_fly_static elementor-widget elementor-widget-spacer\" data-id=\"eb71832\" data-element_type=\"widget\" data-widget_type=\"spacer.default\">\n\t\t\t\t<div class=\"elementor-widget-container\">\n\t\t\t\t\t\t\t<div class=\"elementor-spacer\">\n\t\t\t<div class=\"elementor-spacer-inner\"><\/div>\n\t\t<\/div>\n\t\t\t\t\t\t<\/div>\n\t\t\t\t<\/div>\n\t\t\t\t\t<\/div>\n\t\t<\/div>\n\t\t\t\t\t<\/div>\n\t\t<\/section>\n\t\t\t\t<\/div>\n\t\t","protected":false},"excerpt":{"rendered":"<p>Design d&rsquo;int\u00e9rieur Les projets de design d&rsquo;int\u00e9rieur vont du d\u00e9veloppement conceptuel du projet jusqu&rsquo;\u00e0 la&hellip;<\/p>\n","protected":false},"author":1,"featured_media":0,"parent":0,"menu_order":0,"comment_status":"closed","ping_status":"closed","template":"","meta":{"footnotes":""},"class_list":["post-38308","page","type-page","status-publish","hentry"],"yoast_head":"<!-- This site is optimized with the Yoast SEO plugin v26.1.1 - https:\/\/yoast.com\/wordpress\/plugins\/seo\/ -->\n<title>Design d&#039;Int\u00e9rieur et D\u00e9coration | Jes\u00fas Carrazoni<\/title>\n<meta name=\"description\" content=\"Projets de design d&#039;int\u00e9rieur et d\u00e9coration : d\u00e9veloppement conceptuel, maquettes, documentation technique et permis de construire.\" \/>\n<meta name=\"robots\" content=\"index, follow, max-snippet:-1, max-image-preview:large, max-video-preview:-1\" \/>\n<link rel=\"canonical\" href=\"https:\/\/jesuscarrazoni.com\/fr\/design-dinterieur\/\" \/>\n<meta property=\"og:locale\" content=\"fr_FR\" \/>\n<meta property=\"og:type\" content=\"article\" \/>\n<meta property=\"og:title\" content=\"Design d&#039;Int\u00e9rieur et D\u00e9coration | Jes\u00fas Carrazoni\" \/>\n<meta property=\"og:description\" content=\"Projets de design d&#039;int\u00e9rieur et d\u00e9coration : d\u00e9veloppement conceptuel, maquettes, documentation technique et permis de construire.\" \/>\n<meta property=\"og:url\" content=\"https:\/\/jesuscarrazoni.com\/fr\/design-dinterieur\/\" \/>\n<meta property=\"og:site_name\" content=\"Jes\u00fas Carrazoni\" \/>\n<meta property=\"article:modified_time\" content=\"2026-01-08T08:30:39+00:00\" \/>\n<meta property=\"og:image\" content=\"https:\/\/jesuscarrazoni.com\/wp-content\/uploads\/2024\/10\/batch_3C-1.jpg\" \/>\n<meta name=\"twitter:card\" content=\"summary_large_image\" \/>\n<meta name=\"twitter:label1\" content=\"Dur\u00e9e de lecture estim\u00e9e\" \/>\n\t<meta name=\"twitter:data1\" content=\"1 minute\" \/>\n<script type=\"application\/ld+json\" class=\"yoast-schema-graph\">{\"@context\":\"https:\/\/schema.org\",\"@graph\":[{\"@type\":\"WebPage\",\"@id\":\"https:\/\/jesuscarrazoni.com\/fr\/design-dinterieur\/\",\"url\":\"https:\/\/jesuscarrazoni.com\/fr\/design-dinterieur\/\",\"name\":\"Design d'Int\u00e9rieur et D\u00e9coration | Jes\u00fas Carrazoni\",\"isPartOf\":{\"@id\":\"https:\/\/jesuscarrazoni.com\/fr\/#website\"},\"primaryImageOfPage\":{\"@id\":\"https:\/\/jesuscarrazoni.com\/fr\/design-dinterieur\/#primaryimage\"},\"image\":{\"@id\":\"https:\/\/jesuscarrazoni.com\/fr\/design-dinterieur\/#primaryimage\"},\"thumbnailUrl\":\"https:\/\/jesuscarrazoni.com\/wp-content\/uploads\/2024\/10\/batch_3C-1.jpg\",\"datePublished\":\"2024-09-30T10:29:38+00:00\",\"dateModified\":\"2026-01-08T08:30:39+00:00\",\"description\":\"Projets de design d'int\u00e9rieur et d\u00e9coration : d\u00e9veloppement conceptuel, maquettes, documentation technique et permis de construire.\",\"breadcrumb\":{\"@id\":\"https:\/\/jesuscarrazoni.com\/fr\/design-dinterieur\/#breadcrumb\"},\"inLanguage\":\"fr-FR\",\"potentialAction\":[{\"@type\":\"ReadAction\",\"target\":[\"https:\/\/jesuscarrazoni.com\/fr\/design-dinterieur\/\"]}]},{\"@type\":\"ImageObject\",\"inLanguage\":\"fr-FR\",\"@id\":\"https:\/\/jesuscarrazoni.com\/fr\/design-dinterieur\/#primaryimage\",\"url\":\"https:\/\/jesuscarrazoni.com\/wp-content\/uploads\/2024\/10\/batch_3C-1.jpg\",\"contentUrl\":\"https:\/\/jesuscarrazoni.com\/wp-content\/uploads\/2024\/10\/batch_3C-1.jpg\"},{\"@type\":\"BreadcrumbList\",\"@id\":\"https:\/\/jesuscarrazoni.com\/fr\/design-dinterieur\/#breadcrumb\",\"itemListElement\":[{\"@type\":\"ListItem\",\"position\":1,\"name\":\"Portada\",\"item\":\"https:\/\/jesuscarrazoni.com\/fr\/\"},{\"@type\":\"ListItem\",\"position\":2,\"name\":\"Design d&rsquo;int\u00e9rieur\"}]},{\"@type\":\"WebSite\",\"@id\":\"https:\/\/jesuscarrazoni.com\/fr\/#website\",\"url\":\"https:\/\/jesuscarrazoni.com\/fr\/\",\"name\":\"Jes\u00fas Carrazoni\",\"description\":\"Arquitectura, ingenier\u00eda y dise\u00f1o interiores\",\"publisher\":{\"@id\":\"https:\/\/jesuscarrazoni.com\/fr\/#organization\"},\"potentialAction\":[{\"@type\":\"SearchAction\",\"target\":{\"@type\":\"EntryPoint\",\"urlTemplate\":\"https:\/\/jesuscarrazoni.com\/fr\/?s={search_term_string}\"},\"query-input\":{\"@type\":\"PropertyValueSpecification\",\"valueRequired\":true,\"valueName\":\"search_term_string\"}}],\"inLanguage\":\"fr-FR\"},{\"@type\":\"Organization\",\"@id\":\"https:\/\/jesuscarrazoni.com\/fr\/#organization\",\"name\":\"Jes\u00fas Carrazoni\",\"url\":\"https:\/\/jesuscarrazoni.com\/fr\/\",\"logo\":{\"@type\":\"ImageObject\",\"inLanguage\":\"fr-FR\",\"@id\":\"https:\/\/jesuscarrazoni.com\/fr\/#\/schema\/logo\/image\/\",\"url\":\"https:\/\/jesuscarrazoni.com\/wp-content\/uploads\/2023\/05\/logonegro.png\",\"contentUrl\":\"https:\/\/jesuscarrazoni.com\/wp-content\/uploads\/2023\/05\/logonegro.png\",\"width\":1342,\"height\":243,\"caption\":\"Jes\u00fas Carrazoni\"},\"image\":{\"@id\":\"https:\/\/jesuscarrazoni.com\/fr\/#\/schema\/logo\/image\/\"}}]}<\/script>\n<!-- \/ Yoast SEO plugin. -->","yoast_head_json":{"title":"Design d'Int\u00e9rieur et D\u00e9coration | Jes\u00fas Carrazoni","description":"Projets de design d'int\u00e9rieur et d\u00e9coration : d\u00e9veloppement conceptuel, maquettes, documentation technique et permis de construire.","robots":{"index":"index","follow":"follow","max-snippet":"max-snippet:-1","max-image-preview":"max-image-preview:large","max-video-preview":"max-video-preview:-1"},"canonical":"https:\/\/jesuscarrazoni.com\/fr\/design-dinterieur\/","og_locale":"fr_FR","og_type":"article","og_title":"Design d'Int\u00e9rieur et D\u00e9coration | Jes\u00fas Carrazoni","og_description":"Projets de design d'int\u00e9rieur et d\u00e9coration : d\u00e9veloppement conceptuel, maquettes, documentation technique et permis de construire.","og_url":"https:\/\/jesuscarrazoni.com\/fr\/design-dinterieur\/","og_site_name":"Jes\u00fas Carrazoni","article_modified_time":"2026-01-08T08:30:39+00:00","og_image":[{"url":"https:\/\/jesuscarrazoni.com\/wp-content\/uploads\/2024\/10\/batch_3C-1.jpg","type":"","width":"","height":""}],"twitter_card":"summary_large_image","twitter_misc":{"Dur\u00e9e de lecture estim\u00e9e":"1 minute"},"schema":{"@context":"https:\/\/schema.org","@graph":[{"@type":"WebPage","@id":"https:\/\/jesuscarrazoni.com\/fr\/design-dinterieur\/","url":"https:\/\/jesuscarrazoni.com\/fr\/design-dinterieur\/","name":"Design d'Int\u00e9rieur et D\u00e9coration | Jes\u00fas Carrazoni","isPartOf":{"@id":"https:\/\/jesuscarrazoni.com\/fr\/#website"},"primaryImageOfPage":{"@id":"https:\/\/jesuscarrazoni.com\/fr\/design-dinterieur\/#primaryimage"},"image":{"@id":"https:\/\/jesuscarrazoni.com\/fr\/design-dinterieur\/#primaryimage"},"thumbnailUrl":"https:\/\/jesuscarrazoni.com\/wp-content\/uploads\/2024\/10\/batch_3C-1.jpg","datePublished":"2024-09-30T10:29:38+00:00","dateModified":"2026-01-08T08:30:39+00:00","description":"Projets de design d'int\u00e9rieur et d\u00e9coration : d\u00e9veloppement conceptuel, maquettes, documentation technique et permis de construire.","breadcrumb":{"@id":"https:\/\/jesuscarrazoni.com\/fr\/design-dinterieur\/#breadcrumb"},"inLanguage":"fr-FR","potentialAction":[{"@type":"ReadAction","target":["https:\/\/jesuscarrazoni.com\/fr\/design-dinterieur\/"]}]},{"@type":"ImageObject","inLanguage":"fr-FR","@id":"https:\/\/jesuscarrazoni.com\/fr\/design-dinterieur\/#primaryimage","url":"https:\/\/jesuscarrazoni.com\/wp-content\/uploads\/2024\/10\/batch_3C-1.jpg","contentUrl":"https:\/\/jesuscarrazoni.com\/wp-content\/uploads\/2024\/10\/batch_3C-1.jpg"},{"@type":"BreadcrumbList","@id":"https:\/\/jesuscarrazoni.com\/fr\/design-dinterieur\/#breadcrumb","itemListElement":[{"@type":"ListItem","position":1,"name":"Portada","item":"https:\/\/jesuscarrazoni.com\/fr\/"},{"@type":"ListItem","position":2,"name":"Design d&rsquo;int\u00e9rieur"}]},{"@type":"WebSite","@id":"https:\/\/jesuscarrazoni.com\/fr\/#website","url":"https:\/\/jesuscarrazoni.com\/fr\/","name":"Jes\u00fas Carrazoni","description":"Arquitectura, ingenier\u00eda y dise\u00f1o interiores","publisher":{"@id":"https:\/\/jesuscarrazoni.com\/fr\/#organization"},"potentialAction":[{"@type":"SearchAction","target":{"@type":"EntryPoint","urlTemplate":"https:\/\/jesuscarrazoni.com\/fr\/?s={search_term_string}"},"query-input":{"@type":"PropertyValueSpecification","valueRequired":true,"valueName":"search_term_string"}}],"inLanguage":"fr-FR"},{"@type":"Organization","@id":"https:\/\/jesuscarrazoni.com\/fr\/#organization","name":"Jes\u00fas Carrazoni","url":"https:\/\/jesuscarrazoni.com\/fr\/","logo":{"@type":"ImageObject","inLanguage":"fr-FR","@id":"https:\/\/jesuscarrazoni.com\/fr\/#\/schema\/logo\/image\/","url":"https:\/\/jesuscarrazoni.com\/wp-content\/uploads\/2023\/05\/logonegro.png","contentUrl":"https:\/\/jesuscarrazoni.com\/wp-content\/uploads\/2023\/05\/logonegro.png","width":1342,"height":243,"caption":"Jes\u00fas Carrazoni"},"image":{"@id":"https:\/\/jesuscarrazoni.com\/fr\/#\/schema\/logo\/image\/"}}]}},"_links":{"self":[{"href":"https:\/\/jesuscarrazoni.com\/fr\/wp-json\/wp\/v2\/pages\/38308","targetHints":{"allow":["GET"]}}],"collection":[{"href":"https:\/\/jesuscarrazoni.com\/fr\/wp-json\/wp\/v2\/pages"}],"about":[{"href":"https:\/\/jesuscarrazoni.com\/fr\/wp-json\/wp\/v2\/types\/page"}],"author":[{"embeddable":true,"href":"https:\/\/jesuscarrazoni.com\/fr\/wp-json\/wp\/v2\/users\/1"}],"replies":[{"embeddable":true,"href":"https:\/\/jesuscarrazoni.com\/fr\/wp-json\/wp\/v2\/comments?post=38308"}],"version-history":[{"count":2,"href":"https:\/\/jesuscarrazoni.com\/fr\/wp-json\/wp\/v2\/pages\/38308\/revisions"}],"predecessor-version":[{"id":38519,"href":"https:\/\/jesuscarrazoni.com\/fr\/wp-json\/wp\/v2\/pages\/38308\/revisions\/38519"}],"wp:attachment":[{"href":"https:\/\/jesuscarrazoni.com\/fr\/wp-json\/wp\/v2\/media?parent=38308"}],"curies":[{"name":"wp","href":"https:\/\/api.w.org\/{rel}","templated":true}]}}